{"id":15,"date":"2016-01-20T23:47:21","date_gmt":"2016-01-20T22:47:21","guid":{"rendered":"http:\/\/dreilaenderhof.be\/?page_id=15"},"modified":"2016-06-11T09:41:58","modified_gmt":"2016-06-11T08:41:58","slug":"ueber-uns","status":"publish","type":"page","link":"https:\/\/dreilaenderhof.be\/?page_id=15","title":{"rendered":"\u00dcber uns"},"content":{"rendered":"<p><strong><span style=\"color: #000000; font-family: Verdana; font-size: small;\">Was wir zu bieten haben:<\/span><\/strong><\/p>\n<p><span style=\"color: #000000; font-family: Verdana; font-size: small;\">Gesunde, pferdegerechte Innen- und Au\u00dfenboxen.<\/span><\/p>\n<p><span style=\"color: #000000; font-family: Verdana; font-size: small;\">Reithalle, Au\u00dfenplatz (60x25m), Longierzirkel, F\u00fchrmaschine, Solarium, mehrere Ausl\u00e4ufe (Paddocks).<\/span><\/p>\n<p><span style=\"color: #000000; font-family: Verdana; font-size: small;\">In den Monaten Mai &#8211; Oktober stehen ca. 10 ha pferdegerechtes Weideland zur Verf\u00fcgung.<\/span> <span style=\"color: #000000; font-family: Verdana; font-size: small;\">Au\u00dferdem liegt die Reitanlage\u00a0an einem traumhaften Ausreitgel\u00e4nde im Dreil\u00e4ndereck. (B-NL-D).<\/span><\/p>\n<p><span style=\"color: #000000; font-family: Verdana; font-size: small;\">Ob Hobby-, Freizeit- oder Turnierpferde, Pferde die in Sommerpause gehen, Fohlenaufzucht sowie<br \/>\nGnadenbrotpferde, f\u00fcr jedes Pferd wird hier eine gute Versorgung geboten.<\/span><\/p>\n<p><span style=\"color: #000000; font-family: Verdana; font-size: small;\">Reitunterricht und Beritt von qualifiziertem Ausbilder auf Absprache.<\/span><\/p>\n<p><span style=\"color: #000000; font-family: Verdana; font-size: small;\">Ein gem\u00fctliches Reiterst\u00fcbchen ist vorhanden.<\/span><\/p>\n<p><span style=\"color: #000000; font-family: Verdana; font-size: small;\">Da unsere Vorliebe der Pferdezucht geh\u00f6rt, finden Sie hier bestgezogene Nachwuchspferde sowie Fohlen. Alle unsere<\/span><span style=\"color: #000000; font-family: Verdana; font-size: small;\"> Pferde werden robust und gesund gehalten und\u00a0vom ersten Tag an liebevoll betreut.<\/span><\/p>\n<p><span style=\"color: #000000; font-family: Verdana; font-size: small;\">Wenn Sie das alles interessiert, kommen Sie zu uns. Wir freuen uns auf Ihren Besuch und beantworten gerne Ihre Fragen und versuchen Ihren W\u00fcnschen gerecht zu werden.<\/span><\/p>\n","protected":false},"excerpt":{"rendered":"<p>Was wir zu bieten haben: Gesunde, pferdegerechte Innen- und Au\u00dfenboxen. Reithalle, Au\u00dfenplatz (60x25m), Longierzirkel, F\u00fchrmaschine, Solarium, mehrere Ausl\u00e4ufe (Paddocks). In den Monaten Mai &#8211; Oktober stehen ca. 10 ha pferdegerechtes Weideland zur Verf\u00fcgung. Au\u00dferdem liegt die Reitanlage\u00a0an einem traumhaften Ausreitgel\u00e4nde im Dreil\u00e4ndereck. (B-NL-D). Ob Hobby-, Freizeit- oder Turnierpferde, Pferde die in Sommerpause gehen, Fohlenaufzucht sowie\u2026 <span class=\"read-more\"><a href=\"https:\/\/dreilaenderhof.be\/?page_id=15\">Read More &raquo;<\/a><\/span><\/p>\n","protected":false},"author":4,"featured_media":0,"parent":0,"menu_order":0,"comment_status":"closed","ping_status":"closed","template":"page-templates\/full-width.php","meta":[],"_links":{"self":[{"href":"https:\/\/dreilaenderhof.be\/index.php?rest_route=\/wp\/v2\/pages\/15"}],"collection":[{"href":"https:\/\/dreilaenderhof.be\/index.php?rest_route=\/wp\/v2\/pages"}],"about":[{"href":"https:\/\/dreilaenderhof.be\/index.php?rest_route=\/wp\/v2\/types\/page"}],"author":[{"embeddable":true,"href":"https:\/\/dreilaenderhof.be\/index.php?rest_route=\/wp\/v2\/users\/4"}],"replies":[{"embeddable":true,"href":"https:\/\/dreilaenderhof.be\/index.php?rest_route=%2Fwp%2Fv2%2Fcomments&post=15"}],"version-history":[{"count":8,"href":"https:\/\/dreilaenderhof.be\/index.php?rest_route=\/wp\/v2\/pages\/15\/revisions"}],"predecessor-version":[{"id":125,"href":"https:\/\/dreilaenderhof.be\/index.php?rest_route=\/wp\/v2\/pages\/15\/revisions\/125"}],"wp:attachment":[{"href":"https:\/\/dreilaenderhof.be\/index.php?rest_route=%2Fwp%2Fv2%2Fmedia&parent=15"}],"curies":[{"name":"wp","href":"https:\/\/api.w.org\/{rel}","templated":true}]}}