{"id":20,"date":"2016-01-21T00:14:24","date_gmt":"2016-01-20T23:14:24","guid":{"rendered":"http:\/\/dreilaenderhof.be\/?page_id=20"},"modified":"2016-01-25T11:27:06","modified_gmt":"2016-01-25T10:27:06","slug":"umgebung","status":"publish","type":"page","link":"https:\/\/dreilaenderhof.be\/?page_id=20","title":{"rendered":"Umgebung"},"content":{"rendered":"<p><strong><img loading=\"lazy\" class=\"alignnone size-medium wp-image-26\" src=\"https:\/\/dreilaenderhof.be\/wp-content\/uploads\/2016\/01\/Gemmenich_winter01-300x225.jpg\" alt=\"Gemmenich_winter01\" width=\"300\" height=\"225\" srcset=\"https:\/\/dreilaenderhof.be\/wp-content\/uploads\/2016\/01\/Gemmenich_winter01-300x225.jpg 300w, https:\/\/dreilaenderhof.be\/wp-content\/uploads\/2016\/01\/Gemmenich_winter01-768x576.jpg 768w, https:\/\/dreilaenderhof.be\/wp-content\/uploads\/2016\/01\/Gemmenich_winter01-660x495.jpg 660w, https:\/\/dreilaenderhof.be\/wp-content\/uploads\/2016\/01\/Gemmenich_winter01.jpg 800w\" sizes=\"(max-width: 300px) 100vw, 300px\" \/> <img loading=\"lazy\" class=\"alignnone wp-image-30\" src=\"https:\/\/dreilaenderhof.be\/wp-content\/uploads\/2016\/01\/Gemmenich_summer01-300x206.jpg\" alt=\"Gemmenich_summer01\" width=\"328\" height=\"225\" srcset=\"https:\/\/dreilaenderhof.be\/wp-content\/uploads\/2016\/01\/Gemmenich_summer01-300x206.jpg 300w, https:\/\/dreilaenderhof.be\/wp-content\/uploads\/2016\/01\/Gemmenich_summer01.jpg 475w\" sizes=\"(max-width: 328px) 100vw, 328px\" \/> <img loading=\"lazy\" class=\"alignnone wp-image-27\" src=\"https:\/\/dreilaenderhof.be\/wp-content\/uploads\/2016\/01\/Gemmenich_winter05-300x198.jpg\" alt=\"Gemmenich_winter05\" width=\"341\" height=\"225\" srcset=\"https:\/\/dreilaenderhof.be\/wp-content\/uploads\/2016\/01\/Gemmenich_winter05-300x198.jpg 300w, https:\/\/dreilaenderhof.be\/wp-content\/uploads\/2016\/01\/Gemmenich_winter05.jpg 640w\" sizes=\"(max-width: 341px) 100vw, 341px\" \/><\/strong><\/p>\n<p>Der Dreil\u00e4nderhof liegt in unmittelbarer N\u00e4he der Grenzen Belgien, Deutschland, Niederlande.<\/p>\n<p>Die Lage ist nicht nur einzigartig durch ihren internationalen Charakter, sondern auch durch die sch\u00f6ne Umgebung.<br \/>\nNicht nur der Winter ist traumhaft, auch die anderen Jahreszeiten laden in diese Region ein.<br \/>\nVom Dreil\u00e4nderhof aus f\u00fchrt ein gro\u00dfz\u00fcgiges Reitwegenetz nach Deutschland in den Aachener Wald, als auch in den niederl\u00e4ndischen Wald.<\/p>\n<p>&nbsp;<\/p>\n","protected":false},"excerpt":{"rendered":"<p>Der Dreil\u00e4nderhof liegt in unmittelbarer N\u00e4he der Grenzen Belgien, Deutschland, Niederlande. Die Lage ist nicht nur einzigartig durch ihren internationalen Charakter, sondern auch durch die sch\u00f6ne Umgebung. Nicht nur der Winter ist traumhaft, auch die anderen Jahreszeiten laden in diese Region ein. Vom Dreil\u00e4nderhof aus f\u00fchrt ein gro\u00dfz\u00fcgiges Reitwegenetz nach Deutschland in den Aachener Wald,\u2026 <span class=\"read-more\"><a href=\"https:\/\/dreilaenderhof.be\/?page_id=20\">Read More &raquo;<\/a><\/span><\/p>\n","protected":false},"author":4,"featured_media":0,"parent":0,"menu_order":0,"comment_status":"closed","ping_status":"closed","template":"page-templates\/full-width.php","meta":[],"_links":{"self":[{"href":"https:\/\/dreilaenderhof.be\/index.php?rest_route=\/wp\/v2\/pages\/20"}],"collection":[{"href":"https:\/\/dreilaenderhof.be\/index.php?rest_route=\/wp\/v2\/pages"}],"about":[{"href":"https:\/\/dreilaenderhof.be\/index.php?rest_route=\/wp\/v2\/types\/page"}],"author":[{"embeddable":true,"href":"https:\/\/dreilaenderhof.be\/index.php?rest_route=\/wp\/v2\/users\/4"}],"replies":[{"embeddable":true,"href":"https:\/\/dreilaenderhof.be\/index.php?rest_route=%2Fwp%2Fv2%2Fcomments&post=20"}],"version-history":[{"count":14,"href":"https:\/\/dreilaenderhof.be\/index.php?rest_route=\/wp\/v2\/pages\/20\/revisions"}],"predecessor-version":[{"id":79,"href":"https:\/\/dreilaenderhof.be\/index.php?rest_route=\/wp\/v2\/pages\/20\/revisions\/79"}],"wp:attachment":[{"href":"https:\/\/dreilaenderhof.be\/index.php?rest_route=%2Fwp%2Fv2%2Fmedia&parent=20"}],"curies":[{"name":"wp","href":"https:\/\/api.w.org\/{rel}","templated":true}]}}