{"id":8,"date":"2016-01-20T23:11:34","date_gmt":"2016-01-20T22:11:34","guid":{"rendered":"http:\/\/dreilaenderhof.be\/?page_id=8"},"modified":"2016-03-08T17:41:30","modified_gmt":"2016-03-08T16:41:30","slug":"startseite","status":"publish","type":"page","link":"https:\/\/dreilaenderhof.be\/","title":{"rendered":"Startseite"},"content":{"rendered":"<p><img loading=\"lazy\" class=\"alignnone size-medium wp-image-49\" src=\"https:\/\/dreilaenderhof.be\/wp-content\/uploads\/2016\/01\/Luftaufnahme4-300x219.jpg\" alt=\"Luftaufnahme4\" width=\"300\" height=\"219\" srcset=\"https:\/\/dreilaenderhof.be\/wp-content\/uploads\/2016\/01\/Luftaufnahme4-300x219.jpg 300w, https:\/\/dreilaenderhof.be\/wp-content\/uploads\/2016\/01\/Luftaufnahme4.jpg 498w\" sizes=\"(max-width: 300px) 100vw, 300px\" \/><\/p>\n<p>Hans und Regina Laumen<br \/>\nRue de Vaals 154<br \/>\nB-4851 Gemmenich<br \/>\nTel\/fax: 0032\/87\/78 48 89<br \/>\nMobil: 0032\/477 130 199<br \/>\nEmail: <a href=\"mailto:laumen@belgacom.net\">laumen@belgacom.net<\/a><\/p>\n<p>An der Niederl.\/Belg. Grenze in Gemmenich (nur 10 Minuten bis Aachen-Zentrum)<\/p>\n<p><span style=\"text-decoration: underline;\"><strong>Aktuelles<\/strong><\/span><\/p>\n<p>Unsere Reitanlage ist mit einer voll ausgestatteten Ferienwohnung erweitert worden. Sie m\u00f6chten in dieser sch\u00f6nen Region zusammen mit Ihrem Pferd Urlaub machen oder ein Wochenende verbringen, dann sprechen Sie uns f\u00fcr einen Termin an.<\/p>\n<p>&nbsp;<\/p>\n","protected":false},"excerpt":{"rendered":"<p>Hans und Regina Laumen Rue de Vaals 154 B-4851 Gemmenich Tel\/fax: 0032\/87\/78 48 89 Mobil: 0032\/477 130 199 Email: laumen@belgacom.net An der Niederl.\/Belg. Grenze in Gemmenich (nur 10 Minuten bis Aachen-Zentrum) Aktuelles Unsere Reitanlage ist mit einer voll ausgestatteten Ferienwohnung erweitert worden. Sie m\u00f6chten in dieser sch\u00f6nen Region zusammen mit Ihrem Pferd Urlaub machen oder\u2026 <span class=\"read-more\"><a href=\"https:\/\/dreilaenderhof.be\/\">Read More &raquo;<\/a><\/span><\/p>\n","protected":false},"author":4,"featured_media":127,"parent":0,"menu_order":0,"comment_status":"closed","ping_status":"closed","template":"page-templates\/full-width.php","meta":[],"_links":{"self":[{"href":"https:\/\/dreilaenderhof.be\/index.php?rest_route=\/wp\/v2\/pages\/8"}],"collection":[{"href":"https:\/\/dreilaenderhof.be\/index.php?rest_route=\/wp\/v2\/pages"}],"about":[{"href":"https:\/\/dreilaenderhof.be\/index.php?rest_route=\/wp\/v2\/types\/page"}],"author":[{"embeddable":true,"href":"https:\/\/dreilaenderhof.be\/index.php?rest_route=\/wp\/v2\/users\/4"}],"replies":[{"embeddable":true,"href":"https:\/\/dreilaenderhof.be\/index.php?rest_route=%2Fwp%2Fv2%2Fcomments&post=8"}],"version-history":[{"count":13,"href":"https:\/\/dreilaenderhof.be\/index.php?rest_route=\/wp\/v2\/pages\/8\/revisions"}],"predecessor-version":[{"id":126,"href":"https:\/\/dreilaenderhof.be\/index.php?rest_route=\/wp\/v2\/pages\/8\/revisions\/126"}],"wp:featuredmedia":[{"embeddable":true,"href":"https:\/\/dreilaenderhof.be\/index.php?rest_route=\/wp\/v2\/media\/127"}],"wp:attachment":[{"href":"https:\/\/dreilaenderhof.be\/index.php?rest_route=%2Fwp%2Fv2%2Fmedia&parent=8"}],"curies":[{"name":"wp","href":"https:\/\/api.w.org\/{rel}","templated":true}]}}